{"id":162,"date":"2021-08-05T23:47:01","date_gmt":"2021-08-05T21:47:01","guid":{"rendered":"https:\/\/uturnart.com\/about"},"modified":"2021-08-23T18:08:15","modified_gmt":"2021-08-23T16:08:15","slug":"om","status":"publish","type":"page","link":"https:\/\/uturnart.com\/da\/om","title":{"rendered":"Om UturnArt"},"content":{"rendered":"\n<p>Uturnart (kunst der kr\u00e6ver en u-vending) drives af Thomas Jacobsen \/ <a href=\"https:\/\/code8.dk\/\" target=\"_blank\" rel=\"noreferrer noopener\">code8.dk<\/a>. Kontakt mig gerne p\u00e5 <a href=\"mailto:thomas@code8.dk\">thomas@code8.dk<\/a>, hvis du har sp\u00f8rgsm\u00e5l eller ideer til hjemmesiden.<\/p>\n\n\n\n<p>Jeg har boet i Horsens siden 2010 og har nydt at se byens kulturelle udvikling. Mit naturlige udgangspunkt &#8211; og min test-base &#8211; for denne hjemmeside er derfor de mange sk\u00f8nne <a href=\"\/da\/place\/horsens\">gavlmalerier i Horsens.<\/a> I f\u00f8rste omgang er m\u00e5let at mappe samtlige gavlmalerier i byen, hvorefter jeg vil g\u00e5 mere i dybden med kunstnerne og historierne bag.<\/p>\n","protected":false},"excerpt":{"rendered":"<p>Uturnart (kunst der kr\u00e6ver en u-vending) drives af Thomas Jacobsen \/ code8.dk. Kontakt mig gerne p\u00e5 thomas@code8.dk, hvis du har sp\u00f8rgsm\u00e5l eller ideer til hjemmesiden. Jeg har boet i Horsens siden 2010 og har nydt at se byens kulturelle udvikling. Mit naturlige udgangspunkt &#8211; og min test-base &#8211; for denne hjemmeside er derfor de mange [&hellip;]<\/p>\n","protected":false},"author":1,"featured_media":0,"parent":0,"menu_order":0,"comment_status":"closed","ping_status":"closed","template":"","meta":{"_acf_changed":false,"footnotes":""},"class_list":["post-162","page","type-page","status-publish","hentry"],"acf":[],"yoast_head":"<!-- This site is optimized with the Yoast SEO plugin v27.1.1 - https:\/\/yoast.com\/product\/yoast-seo-wordpress\/ -->\n<title>Om UturnArt - Uturnart.com<\/title>\n<meta name=\"robots\" content=\"index, follow, max-snippet:-1, max-image-preview:large, max-video-preview:-1\" \/>\n<link rel=\"canonical\" href=\"https:\/\/uturnart.com\/da\/om\" \/>\n<meta property=\"og:locale\" content=\"da_DK\" \/>\n<meta property=\"og:type\" content=\"article\" \/>\n<meta property=\"og:title\" content=\"Om UturnArt - Uturnart.com\" \/>\n<meta property=\"og:description\" content=\"Uturnart (kunst der kr\u00e6ver en u-vending) drives af Thomas Jacobsen \/ code8.dk. Kontakt mig gerne p\u00e5 thomas@code8.dk, hvis du har sp\u00f8rgsm\u00e5l eller ideer til hjemmesiden. Jeg har boet i Horsens siden 2010 og har nydt at se byens kulturelle udvikling. Mit naturlige udgangspunkt &#8211; og min test-base &#8211; for denne hjemmeside er derfor de mange [&hellip;]\" \/>\n<meta property=\"og:url\" content=\"https:\/\/uturnart.com\/da\/om\" \/>\n<meta property=\"og:site_name\" content=\"Uturnart.com\" \/>\n<meta property=\"article:modified_time\" content=\"2021-08-23T16:08:15+00:00\" \/>\n<meta name=\"twitter:card\" content=\"summary_large_image\" \/>\n<script type=\"application\/ld+json\" class=\"yoast-schema-graph\">{\"@context\":\"https:\/\/schema.org\",\"@graph\":[{\"@type\":\"WebPage\",\"@id\":\"https:\/\/uturnart.com\/da\/om\",\"url\":\"https:\/\/uturnart.com\/da\/om\",\"name\":\"Om UturnArt - Uturnart.com\",\"isPartOf\":{\"@id\":\"https:\/\/uturnart.com\/da\/#website\"},\"datePublished\":\"2021-08-05T21:47:01+00:00\",\"dateModified\":\"2021-08-23T16:08:15+00:00\",\"breadcrumb\":{\"@id\":\"https:\/\/uturnart.com\/da\/om#breadcrumb\"},\"inLanguage\":\"da-DK\",\"potentialAction\":[{\"@type\":\"ReadAction\",\"target\":[\"https:\/\/uturnart.com\/da\/om\"]}]},{\"@type\":\"BreadcrumbList\",\"@id\":\"https:\/\/uturnart.com\/da\/om#breadcrumb\",\"itemListElement\":[{\"@type\":\"ListItem\",\"position\":1,\"name\":\"Hjem\",\"item\":\"https:\/\/uturnart.com\/da\"},{\"@type\":\"ListItem\",\"position\":2,\"name\":\"Om UturnArt\"}]},{\"@type\":\"WebSite\",\"@id\":\"https:\/\/uturnart.com\/da\/#website\",\"url\":\"https:\/\/uturnart.com\/da\/\",\"name\":\"Uturnart.com\",\"description\":\"\",\"publisher\":{\"@id\":\"https:\/\/uturnart.com\/da\/#organization\"},\"potentialAction\":[{\"@type\":\"SearchAction\",\"target\":{\"@type\":\"EntryPoint\",\"urlTemplate\":\"https:\/\/uturnart.com\/da\/?s={search_term_string}\"},\"query-input\":{\"@type\":\"PropertyValueSpecification\",\"valueRequired\":true,\"valueName\":\"search_term_string\"}}],\"inLanguage\":\"da-DK\"},{\"@type\":\"Organization\",\"@id\":\"https:\/\/uturnart.com\/da\/#organization\",\"name\":\"Uturnart\",\"url\":\"https:\/\/uturnart.com\/da\/\",\"logo\":{\"@type\":\"ImageObject\",\"inLanguage\":\"da-DK\",\"@id\":\"https:\/\/uturnart.com\/da\/#\/schema\/logo\/image\/\",\"url\":\"\",\"contentUrl\":\"\",\"caption\":\"Uturnart\"},\"image\":{\"@id\":\"https:\/\/uturnart.com\/da\/#\/schema\/logo\/image\/\"}}]}<\/script>\n<!-- \/ Yoast SEO plugin. -->","yoast_head_json":{"title":"Om UturnArt - Uturnart.com","robots":{"index":"index","follow":"follow","max-snippet":"max-snippet:-1","max-image-preview":"max-image-preview:large","max-video-preview":"max-video-preview:-1"},"canonical":"https:\/\/uturnart.com\/da\/om","og_locale":"da_DK","og_type":"article","og_title":"Om UturnArt - Uturnart.com","og_description":"Uturnart (kunst der kr\u00e6ver en u-vending) drives af Thomas Jacobsen \/ code8.dk. Kontakt mig gerne p\u00e5 thomas@code8.dk, hvis du har sp\u00f8rgsm\u00e5l eller ideer til hjemmesiden. Jeg har boet i Horsens siden 2010 og har nydt at se byens kulturelle udvikling. Mit naturlige udgangspunkt &#8211; og min test-base &#8211; for denne hjemmeside er derfor de mange [&hellip;]","og_url":"https:\/\/uturnart.com\/da\/om","og_site_name":"Uturnart.com","article_modified_time":"2021-08-23T16:08:15+00:00","twitter_card":"summary_large_image","schema":{"@context":"https:\/\/schema.org","@graph":[{"@type":"WebPage","@id":"https:\/\/uturnart.com\/da\/om","url":"https:\/\/uturnart.com\/da\/om","name":"Om UturnArt - Uturnart.com","isPartOf":{"@id":"https:\/\/uturnart.com\/da\/#website"},"datePublished":"2021-08-05T21:47:01+00:00","dateModified":"2021-08-23T16:08:15+00:00","breadcrumb":{"@id":"https:\/\/uturnart.com\/da\/om#breadcrumb"},"inLanguage":"da-DK","potentialAction":[{"@type":"ReadAction","target":["https:\/\/uturnart.com\/da\/om"]}]},{"@type":"BreadcrumbList","@id":"https:\/\/uturnart.com\/da\/om#breadcrumb","itemListElement":[{"@type":"ListItem","position":1,"name":"Hjem","item":"https:\/\/uturnart.com\/da"},{"@type":"ListItem","position":2,"name":"Om UturnArt"}]},{"@type":"WebSite","@id":"https:\/\/uturnart.com\/da\/#website","url":"https:\/\/uturnart.com\/da\/","name":"Uturnart.com","description":"","publisher":{"@id":"https:\/\/uturnart.com\/da\/#organization"},"potentialAction":[{"@type":"SearchAction","target":{"@type":"EntryPoint","urlTemplate":"https:\/\/uturnart.com\/da\/?s={search_term_string}"},"query-input":{"@type":"PropertyValueSpecification","valueRequired":true,"valueName":"search_term_string"}}],"inLanguage":"da-DK"},{"@type":"Organization","@id":"https:\/\/uturnart.com\/da\/#organization","name":"Uturnart","url":"https:\/\/uturnart.com\/da\/","logo":{"@type":"ImageObject","inLanguage":"da-DK","@id":"https:\/\/uturnart.com\/da\/#\/schema\/logo\/image\/","url":"","contentUrl":"","caption":"Uturnart"},"image":{"@id":"https:\/\/uturnart.com\/da\/#\/schema\/logo\/image\/"}}]}},"_links":{"self":[{"href":"https:\/\/uturnart.com\/da\/wp-json\/wp\/v2\/pages\/162","targetHints":{"allow":["GET"]}}],"collection":[{"href":"https:\/\/uturnart.com\/da\/wp-json\/wp\/v2\/pages"}],"about":[{"href":"https:\/\/uturnart.com\/da\/wp-json\/wp\/v2\/types\/page"}],"author":[{"embeddable":true,"href":"https:\/\/uturnart.com\/da\/wp-json\/wp\/v2\/users\/1"}],"replies":[{"embeddable":true,"href":"https:\/\/uturnart.com\/da\/wp-json\/wp\/v2\/comments?post=162"}],"version-history":[{"count":8,"href":"https:\/\/uturnart.com\/da\/wp-json\/wp\/v2\/pages\/162\/revisions"}],"predecessor-version":[{"id":974,"href":"https:\/\/uturnart.com\/da\/wp-json\/wp\/v2\/pages\/162\/revisions\/974"}],"wp:attachment":[{"href":"https:\/\/uturnart.com\/da\/wp-json\/wp\/v2\/media?parent=162"}],"curies":[{"name":"wp","href":"https:\/\/api.w.org\/{rel}","templated":true}]}}